{"id":469,"date":"2025-01-09T11:22:03","date_gmt":"2025-01-09T10:22:03","guid":{"rendered":"http:\/\/ib-hentrich.de\/wp\/?page_id=469"},"modified":"2025-01-12T11:37:43","modified_gmt":"2025-01-12T10:37:43","slug":"willkommen-parallax","status":"publish","type":"page","link":"https:\/\/ib-hentrich.de\/","title":{"rendered":"Immobilienbewertung Hentrich"},"content":{"rendered":"\t\t<div class='wp-block-psb-parallax  alignfull' id='psbParallaxSection-c3ecefec-a'>\r\n\t\t\t<style>\r\n\t\t\t\t\r\n\t\t\t#psbParallaxSection-c3ecefec-a{\r\n\t\t\t\tmin-height: 50vh;\r\n\t\t\t}\r\n\t\t\t#psbParallaxSection-c3ecefec-a .psbParallaxSection{\r\n\t\t\t\tjustify-content: center;\r\n\t\t\t\ttext-align: center;\r\n\t\t\t\tmin-height: 50vh;\r\n\t\t\t\tpadding: 20px 30px;\r\n\t\t\t}\r\n\t\t\t#psbParallaxSection-c3ecefec-a .psbParallaxImg{\r\n\t\t\t\tbackground: url(http:\/\/ib-hentrich.de\/wp-content\/uploads\/2025\/01\/MHentrich_Bild_Kopf4-1-scaled.jpg); background-color: rgba(0, 0, 0, 0.59); background-position: top center; background-size: auto; background-repeat: no-repeat; background-attachment: initial; background-blend-mode: overlay;\r\n\t\t\t}\r\n\t\t\t\t\t<\/style>\r\n\r\n\t\t\t<div class='psbParallaxImg' data-speed='-0.51'><\/div>\r\n\r\n\t\t\t<div class='psbParallaxSection'>\r\n\t\t\t\t\n\n<h1 class=\"wp-block-heading\">Immobilienbewertung<br>Michael Hentrich<\/h1>\n\n\n\n<h3 class=\"wp-block-heading\">Kompetente Immobilienbewertungen f\u00fcr fundierte Entscheidungen<\/h3>\n\n\t\t\t<\/div>\r\n\t\t<\/div>\r\n\r\n\t\t\n\n\n<div style=\"height:29px\" aria-hidden=\"true\" class=\"wp-block-spacer\"><\/div>\n\n\n\n<h2 class=\"wp-block-heading has-text-align-center\">Leistungen<\/h2>\n\n\n\n<div class=\"wp-block-columns is-layout-flex wp-container-core-columns-is-layout-9d6595d7 wp-block-columns-is-layout-flex\">\n<div class=\"wp-block-column is-layout-flow wp-block-column-is-layout-flow\"><div class=\"wp-block-image icon-style is-style-default animated bounce o-anim-hover\">\n<figure class=\"aligncenter size-full is-resized\"><img fetchpriority=\"high\" decoding=\"async\" width=\"576\" height=\"512\" src=\"http:\/\/ib-hentrich.de\/wp-content\/uploads\/2025\/01\/house-solid1-f6a2b1.svg\" alt=\"\" class=\"wp-image-567\" style=\"width:80px\" title=\"\"\/><\/figure>\n<\/div>\n\n\n<div style=\"height:20px\" aria-hidden=\"true\" class=\"wp-block-spacer\"><\/div>\n\n\n\n<h3 class=\"wp-block-heading has-text-align-center has-nv-dark-bg-color has-text-color\">Verkehrswertgutachten f\u00fcr:<\/h3>\n\n\n\n<ul class=\"wp-block-list\">\n<li>bebaute Grundst\u00fccke, z.B. Ein-\/Zwei- und Mehrfamilienh\u00e4user, B\u00fcro- und Gesch\u00e4ftsh\u00e4user, Industrie- und Gewerbegrundst\u00fccke, Sonderimmobilien (z.B. Hotels), Wohnungs- und Teileigentum<\/li>\n\n\n\n<li>unbebaute Grundst\u00fccke, z.B. Acker- und Gr\u00fcnland<\/li>\n\n\n\n<li>Rechte und Belastungen an Grundst\u00fccken, z.B. Wohnungsrechte<\/li>\n<\/ul>\n\n\n\n<div style=\"height:20px\" aria-hidden=\"true\" class=\"wp-block-spacer\"><\/div>\n\n\n\n<div style=\"height:20px\" aria-hidden=\"true\" class=\"wp-block-spacer\"><\/div>\n<\/div>\n\n\n\n<div class=\"wp-block-column is-layout-flow wp-block-column-is-layout-flow\"><div class=\"wp-block-image icon-style is-style-default animated bounce o-anim-hover\">\n<figure class=\"aligncenter size-full is-resized\"><img decoding=\"async\" width=\"640\" height=\"512\" src=\"http:\/\/ib-hentrich.de\/wp-content\/uploads\/2025\/01\/house-circle-check-solid1-1d74c1.svg\" alt=\"\" class=\"wp-image-568\" style=\"width:80px\"\/><\/figure>\n<\/div>\n\n\n<div style=\"height:20px\" aria-hidden=\"true\" class=\"wp-block-spacer\"><\/div>\n\n\n\n<h3 class=\"wp-block-heading has-text-align-center has-nv-dark-bg-color has-text-color\">Verkehrswertgutachten im Rahmen von:<\/h3>\n\n\n\n<ul class=\"wp-block-list\">\n<li>Erbregelungen \/ Erbauseinandersetzungen<\/li>\n\n\n\n<li>Nachlassangelegenheiten<\/li>\n\n\n\n<li>Verm\u00f6gensauseinandersetzungen \/ Ehescheidungen<\/li>\n\n\n\n<li>Zwangsversteigerungen<\/li>\n\n\n\n<li>Nachweis des niedrigeren gemeinen Wertes nach <em>\u00a7 198 BewG<\/em> gegen\u00fcber dem Finanzamt<\/li>\n\n\n\n<li>Kauf- und Verkaufsabsichten<\/li>\n<\/ul>\n\n\n\n<div style=\"height:20px\" aria-hidden=\"true\" class=\"wp-block-spacer\"><\/div>\n<\/div>\n\n\n\n<div class=\"wp-block-column is-layout-flow wp-block-column-is-layout-flow\"><div class=\"wp-block-image icon-style is-style-default animated bounce o-anim-hover\">\n<figure class=\"aligncenter size-full is-resized\"><img decoding=\"async\" width=\"640\" height=\"512\" src=\"http:\/\/ib-hentrich.de\/wp-content\/uploads\/2025\/01\/people-group-solid-8e7dff.svg\" alt=\"\" class=\"wp-image-569\" style=\"width:80px\"\/><\/figure>\n<\/div>\n\n\n<div style=\"height:20px\" aria-hidden=\"true\" class=\"wp-block-spacer\"><\/div>\n\n\n\n<h3 class=\"wp-block-heading has-text-align-center has-nv-dark-bg-color has-text-color\">Auftraggeber:<\/h3>\n\n\n\n<ul class=\"wp-block-list\">\n<li>Amtsgerichte und Landgerichte<\/li>\n\n\n\n<li>Auftraggeber der \u00f6ffentlichen Hand (Landkreise, St\u00e4dte und<br>Gemeinden, LEG Th\u00fcringen)<\/li>\n\n\n\n<li>Wohnungsbaugesellschaften und Wohnungsbaugenossenschaften<\/li>\n\n\n\n<li>Private Auftraggeber, Firmen, Rechtsanw\u00e4lte und Steuerberater<\/li>\n<\/ul>\n\n\n\n<div style=\"height:20px\" aria-hidden=\"true\" class=\"wp-block-spacer\"><\/div>\n<\/div>\n<\/div>\n\n\n\n<div style=\"height:0px\" aria-hidden=\"true\" id=\"ueber\" class=\"wp-block-spacer\"><\/div>\n\n\n\t\t<div class='wp-block-psb-parallax  alignfull' id='psbParallaxSection-3a3dbfe8-e'>\r\n\t\t\t<style>\r\n\t\t\t\t\r\n\t\t\t#psbParallaxSection-3a3dbfe8-e{\r\n\t\t\t\tmin-height: 0vh;\r\n\t\t\t}\r\n\t\t\t#psbParallaxSection-3a3dbfe8-e .psbParallaxSection{\r\n\t\t\t\tjustify-content: center;\r\n\t\t\t\ttext-align: left;\r\n\t\t\t\tmin-height: 0vh;\r\n\t\t\t\tpadding: 0px 0%;\r\n\t\t\t}\r\n\t\t\t#psbParallaxSection-3a3dbfe8-e .psbParallaxImg{\r\n\t\t\t\tbackground: url(http:\/\/ib-hentrich.de\/wp-content\/uploads\/2025\/01\/anders-jilden-Sc5RKXLBjGg-unsplash.jpg); background-color: rgba(59, 59, 59, 1); background-position: top center; background-size: cover; background-repeat: no-repeat; background-attachment: initial; background-blend-mode: overlay;\r\n\t\t\t}\r\n\t\t\t\t\t<\/style>\r\n\r\n\t\t\t<div class='psbParallaxImg' data-speed='0'><\/div>\r\n\r\n\t\t\t<div class='psbParallaxSection'>\r\n\t\t\t\t\n\n<div class=\"wp-block-columns is-layout-flex wp-container-core-columns-is-layout-597e6f21 wp-block-columns-is-layout-flex\" style=\"border-style:none;border-width:0px;border-radius:0px;padding-top:var(--wp--preset--spacing--20);padding-right:15%;padding-bottom:var(--wp--preset--spacing--20);padding-left:15%\">\n<div class=\"wp-block-column is-vertically-aligned-center is-layout-flow wp-block-column-is-layout-flow\">\n<div style=\"height:40px\" aria-hidden=\"true\" class=\"wp-block-spacer\"><\/div>\n\n\n<div class=\"wp-block-image animated fadeIn o-anim-offset-200px is-style-default\">\n<figure class=\"alignright size-large is-resized has-custom-border\" id=\"wp-block-themeisle-blocks-image-847d7acc\"><img loading=\"lazy\" decoding=\"async\" width=\"683\" height=\"1024\" src=\"http:\/\/ib-hentrich.de\/wp-content\/uploads\/2025\/01\/Portrait-2024-1-683x1024.jpg\" alt=\"\" class=\"wp-image-578\" style=\"border-style:none;border-width:0px;width:254px;height:auto\" srcset=\"https:\/\/ib-hentrich.de\/wp-content\/uploads\/2025\/01\/Portrait-2024-1-683x1024.jpg 683w, https:\/\/ib-hentrich.de\/wp-content\/uploads\/2025\/01\/Portrait-2024-1-200x300.jpg 200w, https:\/\/ib-hentrich.de\/wp-content\/uploads\/2025\/01\/Portrait-2024-1-768x1152.jpg 768w, https:\/\/ib-hentrich.de\/wp-content\/uploads\/2025\/01\/Portrait-2024-1.jpg 1000w\" sizes=\"(max-width: 683px) 100vw, 683px\" \/><\/figure>\n<\/div><\/div>\n\n\n\n<div class=\"wp-block-column is-vertically-aligned-top is-layout-flow wp-block-column-is-layout-flow\">\n<div style=\"height:40px\" aria-hidden=\"true\" class=\"wp-block-spacer\"><\/div>\n\n\n\n<h2 class=\"wp-block-heading has-text-align-left\">\u00dcber mich<\/h2>\n\n\n\n<ul class=\"wp-block-list\">\n<li class=\"has-nv-site-bg-color has-text-color has-link-color wp-elements-7f8ca75a18b4305f4eb12490e694a893\">Studium an der Bauhaus-Universit\u00e4t Weimar<\/li>\n\n\n\n<li class=\"has-nv-site-bg-color has-text-color has-link-color wp-elements-b44ed47ea5647608ef5f36161caf497e\">Abschluss: Diplom-Bauingenieur<\/li>\n\n\n\n<li class=\"has-nv-site-bg-color has-text-color has-link-color wp-elements-c1757066d28054f12ff43219a963651f\">seit 2005 selbstst\u00e4ndige T\u00e4tigkeit als Sachverst\u00e4ndiger<\/li>\n\n\n\n<li class=\"has-nv-site-bg-color has-text-color has-link-color wp-elements-f69cc497da5383c76249ea130f10d54c\">seit 2009 von der IHK Erfurt \u00f6ffentlich bestellter und vereidigter Sachverst\u00e4ndiger f\u00fcr die Bewertung bebauter und unbebauter Grundst\u00fccke<\/li>\n<\/ul>\n<\/div>\n<\/div>\n\n\t\t\t<\/div>\r\n\t\t<\/div>\r\n\r\n\t\t\n\n\n<div style=\"height:49px\" aria-hidden=\"true\" class=\"wp-block-spacer\"><\/div>\n\n\n\n<h2 class=\"wp-block-heading has-text-align-center\">Mitglied in folgenden Gutachteraussch\u00fcssen f\u00fcr Grundst\u00fcckswerte<\/h2>\n\n\n\n<ul class=\"wp-block-list\">\n<li>Gutachterausschuss f\u00fcr Grundst\u00fcckswerte f\u00fcr das Gebiet des Kyffh\u00e4userkreises und des Landkreises Nordhausen<\/li>\n\n\n\n<li>Gutachterausschuss f\u00fcr Grundst\u00fcckswerte in Sachsen-Anhalt<\/li>\n\n\n\n<li>Gutachterausschuss f\u00fcr Grundst\u00fcckswerte f\u00fcr das Gebiet des Landkreises S\u00f6mmerda, des Landkreises Weimarer Land und der kreisfreien Stadt Weimar<\/li>\n<\/ul>\n\n\n\n<div class=\"wp-block-columns animated fadeIn o-anim-offset-o-anim-offset-0px is-layout-flex wp-container-core-columns-is-layout-9d6595d7 wp-block-columns-is-layout-flex\">\n<div class=\"wp-block-column is-layout-flow wp-block-column-is-layout-flow\"><div class=\"wp-block-image animated fadeIn\">\n<figure class=\"aligncenter size-large is-resized\"><img loading=\"lazy\" decoding=\"async\" width=\"685\" height=\"1024\" src=\"http:\/\/ib-hentrich.de\/wp-content\/uploads\/2025\/01\/signet_kyff-0001-e1736283025340-685x1024.jpg\" alt=\"Siegel des Gutachterausschusses\" class=\"wp-image-388\" style=\"width:184px;height:auto\" srcset=\"https:\/\/ib-hentrich.de\/wp-content\/uploads\/2025\/01\/signet_kyff-0001-e1736283025340-685x1024.jpg 685w, https:\/\/ib-hentrich.de\/wp-content\/uploads\/2025\/01\/signet_kyff-0001-e1736283025340-201x300.jpg 201w, https:\/\/ib-hentrich.de\/wp-content\/uploads\/2025\/01\/signet_kyff-0001-e1736283025340-768x1148.jpg 768w, https:\/\/ib-hentrich.de\/wp-content\/uploads\/2025\/01\/signet_kyff-0001-e1736283025340.jpg 858w\" sizes=\"(max-width: 685px) 100vw, 685px\" \/><\/figure>\n<\/div><\/div>\n\n\n\n<div class=\"wp-block-column is-layout-flow wp-block-column-is-layout-flow\"><div class=\"wp-block-image animated fadeIn\">\n<figure class=\"aligncenter size-full is-resized\"><img loading=\"lazy\" decoding=\"async\" width=\"776\" height=\"815\" src=\"http:\/\/ib-hentrich.de\/wp\/wp-content\/uploads\/2025\/01\/signet_sachsen-anhalt-e1736283066856.jpg\" alt=\"Siegel des Gutachterausschusses\" class=\"wp-image-389\" style=\"width:306px;height:auto\" srcset=\"https:\/\/ib-hentrich.de\/wp-content\/uploads\/2025\/01\/signet_sachsen-anhalt-e1736283066856.jpg 776w, https:\/\/ib-hentrich.de\/wp-content\/uploads\/2025\/01\/signet_sachsen-anhalt-e1736283066856-286x300.jpg 286w, https:\/\/ib-hentrich.de\/wp-content\/uploads\/2025\/01\/signet_sachsen-anhalt-e1736283066856-768x807.jpg 768w\" sizes=\"(max-width: 776px) 100vw, 776px\" \/><\/figure>\n<\/div><\/div>\n\n\n\n<div class=\"wp-block-column is-layout-flow wp-block-column-is-layout-flow\"><div class=\"wp-block-image animated fadeIn\">\n<figure class=\"aligncenter size-large is-resized\"><img loading=\"lazy\" decoding=\"async\" width=\"652\" height=\"1024\" src=\"http:\/\/ib-hentrich.de\/wp\/wp-content\/uploads\/2025\/01\/signet_soemm-0001-652x1024.jpg\" alt=\"Siegel des Gutachterausschusses\" class=\"wp-image-390\" style=\"width:172px;height:auto\" srcset=\"https:\/\/ib-hentrich.de\/wp-content\/uploads\/2025\/01\/signet_soemm-0001-652x1024.jpg 652w, https:\/\/ib-hentrich.de\/wp-content\/uploads\/2025\/01\/signet_soemm-0001-191x300.jpg 191w, https:\/\/ib-hentrich.de\/wp-content\/uploads\/2025\/01\/signet_soemm-0001-768x1207.jpg 768w, https:\/\/ib-hentrich.de\/wp-content\/uploads\/2025\/01\/signet_soemm-0001.jpg 858w\" sizes=\"(max-width: 652px) 100vw, 652px\" \/><\/figure>\n<\/div><\/div>\n<\/div>\n\n\n\t\t<div class='wp-block-psb-parallax  alignfull' id='psbParallaxSection-da29cddc-7'>\r\n\t\t\t<style>\r\n\t\t\t\t\r\n\t\t\t#psbParallaxSection-da29cddc-7{\r\n\t\t\t\tmin-height: 40vh;\r\n\t\t\t}\r\n\t\t\t#psbParallaxSection-da29cddc-7 .psbParallaxSection{\r\n\t\t\t\tjustify-content: center;\r\n\t\t\t\ttext-align: left;\r\n\t\t\t\tmin-height: 40vh;\r\n\t\t\t\tpadding: 0px 0px;\r\n\t\t\t}\r\n\t\t\t#psbParallaxSection-da29cddc-7 .psbParallaxImg{\r\n\t\t\t\tbackground: url(http:\/\/ib-hentrich.de\/wp-content\/uploads\/2025\/01\/DJI_0023-L.jpg); background-color: rgba(40, 40, 40, 1); background-position: center center; background-size: cover; background-repeat: no-repeat; background-attachment: initial; background-blend-mode: overlay;\r\n\t\t\t}\r\n\t\t\t\t\t<\/style>\r\n\r\n\t\t\t<div class='psbParallaxImg' data-speed='-0.54'><\/div>\r\n\r\n\t\t\t<div class='psbParallaxSection'>\r\n\t\t\t\t\n\n<div class=\"wp-block-columns is-layout-flex wp-container-core-columns-is-layout-436908e5 wp-block-columns-is-layout-flex\" style=\"padding-top:var(--wp--preset--spacing--50);padding-right:15%;padding-bottom:var(--wp--preset--spacing--50);padding-left:15%\">\n<div class=\"wp-block-column is-vertically-aligned-top is-layout-flow wp-block-column-is-layout-flow\"><div class=\"wp-block-image animated fadeIn o-anim-offset-o-anim-offset-0px\">\n<figure class=\"alignright size-full is-resized\"><img loading=\"lazy\" decoding=\"async\" width=\"448\" height=\"512\" src=\"http:\/\/ib-hentrich.de\/wp-content\/uploads\/2025\/01\/check-double-solid-308825.svg\" alt=\"\" class=\"wp-image-570\" style=\"aspect-ratio:1;width:208px;height:auto\" \/><\/figure>\n<\/div><\/div>\n\n\n\n<div class=\"wp-block-column is-layout-flow wp-block-column-is-layout-flow\">\n<h2 class=\"wp-block-heading has-text-align-left\">Referenzen<\/h2>\n\n\n\n<ul class=\"wp-block-list\">\n<li class=\"has-nv-site-bg-color has-text-color has-link-color wp-elements-bc3fa76c5058163b11b7b66bf92af151\">Veranstaltungsgeb\u00e4ude in Sondershausen und Bad Frankenhausen<\/li>\n\n\n\n<li>Campingplatz Birnbaumteich<\/li>\n\n\n\n<li>Gasthaus mit Pension in Nordhausen<\/li>\n\n\n\n<li>Mehrfamilienh\u00e4user in Sondershausen, S\u00f6mmerda und Nordhausen<\/li>\n\n\n\n<li>Wohn- und Gesch\u00e4ftshaus in Erfurt<\/li>\n\n\n\n<li class=\"has-nv-site-bg-color has-text-color has-link-color wp-elements-b7969d757c2efb6bff32491a0aaa177f\">Lager- und Logistikhallen in Nordhausen<\/li>\n\n\n\n<li>Gewerbeimmobilien in Sondershausen und Sangerhausen<\/li>\n<\/ul>\n<\/div>\n<\/div>\n\n\t\t\t<\/div>\r\n\t\t<\/div>\r\n\r\n\t\t\n\n\n<div style=\"height:39px\" aria-hidden=\"true\" class=\"wp-block-spacer\"><\/div>\n\n\n\n<div class=\"wp-block-columns is-layout-flex wp-container-core-columns-is-layout-9d6595d7 wp-block-columns-is-layout-flex\">\n<div class=\"wp-block-column is-layout-flow wp-block-column-is-layout-flow\">\n<h2 class=\"wp-block-heading\" id=\"kontakt\">Kontakt<\/h2>\n\n\n\n<div style=\"height:20px\" aria-hidden=\"true\" class=\"wp-block-spacer\"><\/div>\n\n\n\n<div class=\"wp-block-columns is-layout-flex wp-container-core-columns-is-layout-9d6595d7 wp-block-columns-is-layout-flex\">\n<div class=\"wp-block-column is-layout-flow wp-block-column-is-layout-flow\">\n<div class=\"wp-block-columns is-layout-flex wp-container-core-columns-is-layout-9d6595d7 wp-block-columns-is-layout-flex\">\n<div class=\"wp-block-column is-layout-flow wp-block-column-is-layout-flow\">\n<figure class=\"wp-block-image size-full is-resized has-custom-border\"><img loading=\"lazy\" decoding=\"async\" width=\"384\" height=\"512\" src=\"http:\/\/ib-hentrich.de\/wp-content\/uploads\/2025\/01\/location-dot-solid-ceb5c6.svg\" alt=\"\" class=\"wp-image-571\" style=\"border-style:none;border-width:0px;width:40px\"\/><\/figure>\n\n\n\n<div style=\"height:12px\" aria-hidden=\"true\" class=\"wp-block-spacer\"><\/div>\n\n\n\n<h4 class=\"wp-block-heading\">B\u00fcro<\/h4>\n\n\n\n<p>Schachtweg 23a<br>06567 Bad Frankenhausen<\/p>\n<\/div>\n\n\n\n<div class=\"wp-block-column is-layout-flow wp-block-column-is-layout-flow\">\n<figure class=\"wp-block-image size-full is-resized\"><img loading=\"lazy\" decoding=\"async\" width=\"512\" height=\"512\" src=\"http:\/\/ib-hentrich.de\/wp-content\/uploads\/2025\/01\/phone-solid-a56c24.svg\" alt=\"\" class=\"wp-image-572\" style=\"width:40px\"\/><\/figure>\n\n\n\n<div style=\"height:12px\" aria-hidden=\"true\" class=\"wp-block-spacer\"><\/div>\n\n\n\n<h4 class=\"wp-block-heading\">Telefon<\/h4>\n\n\n\n<p><strong>Fon<\/strong> <a href=\"tel:+493467155970\">034671 \/ 5 59 70<\/a><br><strong>Funk<\/strong> <a href=\"tel:+491721409336\">0172 \/ 140 93 36<\/a><br><strong>Fax<\/strong> 034671 \/ 5 59 71<\/p>\n<\/div>\n\n\n\n<div class=\"wp-block-column is-layout-flow wp-block-column-is-layout-flow\">\n<figure class=\"wp-block-image size-full is-resized\"><img loading=\"lazy\" decoding=\"async\" width=\"512\" height=\"512\" src=\"http:\/\/ib-hentrich.de\/wp-content\/uploads\/2025\/01\/envelope-solid-0cfd9e.svg\" alt=\"\" class=\"wp-image-573\" style=\"width:40px\"\/><\/figure>\n\n\n\n<div style=\"height:12px\" aria-hidden=\"true\" class=\"wp-block-spacer\"><\/div>\n\n\n\n<h4 class=\"wp-block-heading\">Email<\/h4>\n\n\n\n<p><a href=\"mailto:info@ib-hentrich.de\">info@ib-hentrich.de<\/a><\/p>\n<\/div>\n<\/div>\n<\/div>\n<\/div>\n<\/div>\n<\/div>\n\n\n\n<p><\/p>\n","protected":false},"excerpt":{"rendered":"<p>Leistungen Verkehrswertgutachten f\u00fcr: Verkehrswertgutachten im Rahmen von: Auftraggeber: Mitglied in folgenden Gutachteraussch\u00fcssen f\u00fcr Grundst\u00fcckswerte Kontakt B\u00fcro Schachtweg 23a06567 Bad Frankenhausen Telefon Fon 034671 \/ 5 59 70Funk 0172 \/ 140 93 36Fax 034671 \/ 5 59 71 Email info@ib-hentrich.de<\/p>\n","protected":false},"author":1,"featured_media":0,"parent":0,"menu_order":0,"comment_status":"closed","ping_status":"closed","template":"","meta":{"neve_meta_sidebar":"default","neve_meta_container":"default","neve_meta_enable_content_width":"on","neve_meta_content_width":100,"neve_meta_title_alignment":"","neve_meta_author_avatar":"","neve_post_elements_order":"","neve_meta_disable_header":"","neve_meta_disable_footer":"","neve_meta_disable_title":"on","_themeisle_gutenberg_block_has_review":false,"footnotes":""},"class_list":["post-469","page","type-page","status-publish","hentry"],"_links":{"self":[{"href":"https:\/\/ib-hentrich.de\/index.php?rest_route=\/wp\/v2\/pages\/469","targetHints":{"allow":["GET"]}}],"collection":[{"href":"https:\/\/ib-hentrich.de\/index.php?rest_route=\/wp\/v2\/pages"}],"about":[{"href":"https:\/\/ib-hentrich.de\/index.php?rest_route=\/wp\/v2\/types\/page"}],"author":[{"embeddable":true,"href":"https:\/\/ib-hentrich.de\/index.php?rest_route=\/wp\/v2\/users\/1"}],"replies":[{"embeddable":true,"href":"https:\/\/ib-hentrich.de\/index.php?rest_route=%2Fwp%2Fv2%2Fcomments&post=469"}],"version-history":[{"count":9,"href":"https:\/\/ib-hentrich.de\/index.php?rest_route=\/wp\/v2\/pages\/469\/revisions"}],"predecessor-version":[{"id":582,"href":"https:\/\/ib-hentrich.de\/index.php?rest_route=\/wp\/v2\/pages\/469\/revisions\/582"}],"wp:attachment":[{"href":"https:\/\/ib-hentrich.de\/index.php?rest_route=%2Fwp%2Fv2%2Fmedia&parent=469"}],"curies":[{"name":"wp","href":"https:\/\/api.w.org\/{rel}","templated":true}]}}